{"id":399,"date":"2017-06-07T13:33:04","date_gmt":"2017-06-07T16:33:04","guid":{"rendered":"http:\/\/novoatlas.azurewebsites.net\/?page_id=399"},"modified":"2020-09-11T11:25:52","modified_gmt":"2020-09-11T14:25:52","slug":"atlas-online","status":"publish","type":"page","link":"https:\/\/novoatlas.azurewebsites.net\/index.php\/atlas-online\/","title":{"rendered":"Atlas Online"},"content":{"rendered":"<p><! [iframe src=\"https:\/\/arcgis.cepel.br\/portal\/apps\/webappviewer\/index.html?id=13b2b23bca034c8bbc404de1b2021fe6\" width=\"100%\" height=\"800\"] <!Vers\u00e3o nova\n<! [iframe src=\"https:\/\/atlaseolic0.maps.arcgis.com\/apps\/MapSeries\/index.html?appid=ca7b676aeb3042649e3956a40c4ec45c\" width=\"100%\" height=\"800\"] Vers\u00e3o antiga\n\n<em> A visualiza\u00e7\u00e3o do banco de dados no ambiente GIS est\u00e1 temporariamente em manuten\u00e7\u00e3o.<br \/>\n<P><br \/>\nA base\u00a0de dados consolidados e georreferenciados (arquivos kmz e csv) est\u00e3o dispon\u00edveis para livre\u00a0<br \/>\ndownload\u00a0<\/em>atrav\u00e9s do\u00a0<em>link<\/em>\u00a0<a href=\"https:\/\/novoatlas.azurewebsites.net\/index.php\/mapas-tematicos\/\">Mapas tem\u00e1ticos<\/a>.<\/p>","protected":false},"excerpt":{"rendered":"<p>A visualiza\u00e7\u00e3o do banco de dados no ambiente GIS est\u00e1 temporariamente em manuten\u00e7\u00e3o. A base\u00a0de dados consolidados e georreferenciados (arquivos kmz e csv) est\u00e3o dispon\u00edveis para livre\u00a0 download\u00a0atrav\u00e9s do\u00a0link\u00a0Mapas tem\u00e1ticos.<\/p>\n","protected":false},"author":1,"featured_media":0,"parent":0,"menu_order":0,"comment_status":"closed","ping_status":"closed","template":"","meta":{"footnotes":""},"_links":{"self":[{"href":"https:\/\/novoatlas.azurewebsites.net\/index.php\/wp-json\/wp\/v2\/pages\/399"}],"collection":[{"href":"https:\/\/novoatlas.azurewebsites.net\/index.php\/wp-json\/wp\/v2\/pages"}],"about":[{"href":"https:\/\/novoatlas.azurewebsites.net\/index.php\/wp-json\/wp\/v2\/types\/page"}],"author":[{"embeddable":true,"href":"https:\/\/novoatlas.azurewebsites.net\/index.php\/wp-json\/wp\/v2\/users\/1"}],"replies":[{"embeddable":true,"href":"https:\/\/novoatlas.azurewebsites.net\/index.php\/wp-json\/wp\/v2\/comments?post=399"}],"version-history":[{"count":52,"href":"https:\/\/novoatlas.azurewebsites.net\/index.php\/wp-json\/wp\/v2\/pages\/399\/revisions"}],"predecessor-version":[{"id":411,"href":"https:\/\/novoatlas.azurewebsites.net\/index.php\/wp-json\/wp\/v2\/pages\/399\/revisions\/411"}],"wp:attachment":[{"href":"https:\/\/novoatlas.azurewebsites.net\/index.php\/wp-json\/wp\/v2\/media?parent=399"}],"curies":[{"name":"wp","href":"https:\/\/api.w.org\/{rel}","templated":true}]}}